{"id":2137,"date":"2025-11-26T15:03:57","date_gmt":"2025-11-26T15:03:57","guid":{"rendered":"https:\/\/condescending-bartik.91-134-70-247.plesk.page\/?page_id=2137"},"modified":"2025-12-10T12:25:13","modified_gmt":"2025-12-10T12:25:13","slug":"aviso-legal","status":"publish","type":"page","link":"https:\/\/condescending-bartik.91-134-70-247.plesk.page\/index.php\/aviso-legal\/","title":{"rendered":"Aviso legal"},"content":{"rendered":"\t\t<div data-elementor-type=\"wp-page\" data-elementor-id=\"2137\" class=\"elementor elementor-2137\" data-elementor-post-type=\"page\">\n\t\t\t\t<div class=\"elementor-element elementor-element-619bcf76 e-flex e-con-boxed e-con e-parent\" data-id=\"619bcf76\" data-element_type=\"container\">\n\t\t\t\t\t<div class=\"e-con-inner\">\n\t\t\t\t<div class=\"elementor-element elementor-element-6134ca80 elementor-widget elementor-widget-text-editor\" data-id=\"6134ca80\" data-element_type=\"widget\" data-widget_type=\"text-editor.default\">\n\t\t\t\t\t\t\t\t\t<h4><strong>TITULAR DEL SITIO WEB<\/strong><\/h4><p><strong>DENOMINACI\u00d3N SOCIAL:<\/strong> RSB ADVISORS S.L.<\/p><p><strong>CIF:<\/strong> B52525151<\/p><p><strong>DOMICILIO SOCIAL:<\/strong> ADA BYRON 107, PARQUE CIENT\u00cdFICO TECNOL\u00d3GICO, 33203, GIJ\u00d3N, ASTURIAS<\/p><p><strong>CONTACTO:<\/strong><\/p><ul><li><strong>Tel\u00e9fono:<\/strong> 984293837<\/li><li><strong>Email:<\/strong> maria.blanco@rsbglobal.es<\/li><\/ul><p><strong>DATOS DE INSCRIPCI\u00d3N EN EL REGISTRO MERCANTIL:<\/strong><\/p><ul><li>Tomo: 4117<\/li><li>Folio: 6<\/li><li>Hoja: 47.594<\/li><\/ul>\t\t\t\t\t\t\t\t<\/div>\n\t\t\t\t\t<\/div>\n\t\t\t\t<\/div>\n\t\t\t\t<\/div>\n\t\t","protected":false},"excerpt":{"rendered":"<p>TITULAR DEL SITIO WEB DENOMINACI\u00d3N SOCIAL: RSB ADVISORS S.L. CIF: B52525151 DOMICILIO SOCIAL: ADA BYRON 107, PARQUE CIENT\u00cdFICO TECNOL\u00d3GICO, 33203, GIJ\u00d3N, ASTURIAS CONTACTO: Tel\u00e9fono: 984293837 Email: maria.blanco@rsbglobal.es DATOS DE INSCRIPCI\u00d3N EN EL REGISTRO MERCANTIL: Tomo: 4117 Folio: 6 Hoja: 47.594<\/p>\n","protected":false},"author":1,"featured_media":0,"parent":0,"menu_order":9,"comment_status":"closed","ping_status":"closed","template":"","meta":{"footnotes":""},"class_list":["post-2137","page","type-page","status-publish","hentry"],"yoast_head":"<!-- This site is optimized with the Yoast SEO plugin v26.3 - https:\/\/yoast.com\/wordpress\/plugins\/seo\/ -->\n<title>Aviso legal - RSB tax&amp;legal<\/title>\n<meta name=\"robots\" content=\"noindex, follow, max-snippet:-1, max-image-preview:large, max-video-preview:-1\" \/>\n<meta property=\"og:locale\" content=\"es_ES\" \/>\n<meta property=\"og:type\" content=\"article\" \/>\n<meta property=\"og:title\" content=\"Aviso legal - RSB tax&amp;legal\" \/>\n<meta property=\"og:description\" content=\"TITULAR DEL SITIO WEB DENOMINACI\u00d3N SOCIAL: RSB ADVISORS S.L. CIF: B52525151 DOMICILIO SOCIAL: ADA BYRON 107, PARQUE CIENT\u00cdFICO TECNOL\u00d3GICO, 33203, GIJ\u00d3N, ASTURIAS CONTACTO: Tel\u00e9fono: 984293837 Email: maria.blanco@rsbglobal.es DATOS DE INSCRIPCI\u00d3N EN EL REGISTRO MERCANTIL: Tomo: 4117 Folio: 6 Hoja: 47.594\" \/>\n<meta property=\"og:url\" content=\"https:\/\/condescending-bartik.91-134-70-247.plesk.page\/index.php\/aviso-legal\/\" \/>\n<meta property=\"og:site_name\" content=\"RSB tax&amp;legal\" \/>\n<meta property=\"article:modified_time\" content=\"2025-12-10T12:25:13+00:00\" \/>\n<meta name=\"twitter:card\" content=\"summary_large_image\" \/>\n<meta name=\"twitter:label1\" content=\"Tiempo de lectura\" \/>\n\t<meta name=\"twitter:data1\" content=\"1 minuto\" \/>\n<script type=\"application\/ld+json\" class=\"yoast-schema-graph\">{\"@context\":\"https:\/\/schema.org\",\"@graph\":[{\"@type\":\"WebPage\",\"@id\":\"https:\/\/condescending-bartik.91-134-70-247.plesk.page\/index.php\/aviso-legal\/\",\"url\":\"https:\/\/condescending-bartik.91-134-70-247.plesk.page\/index.php\/aviso-legal\/\",\"name\":\"Aviso legal - RSB tax&amp;legal\",\"isPartOf\":{\"@id\":\"https:\/\/condescending-bartik.91-134-70-247.plesk.page\/#website\"},\"datePublished\":\"2025-11-26T15:03:57+00:00\",\"dateModified\":\"2025-12-10T12:25:13+00:00\",\"breadcrumb\":{\"@id\":\"https:\/\/condescending-bartik.91-134-70-247.plesk.page\/index.php\/aviso-legal\/#breadcrumb\"},\"inLanguage\":\"es\",\"potentialAction\":[{\"@type\":\"ReadAction\",\"target\":[\"https:\/\/condescending-bartik.91-134-70-247.plesk.page\/index.php\/aviso-legal\/\"]}]},{\"@type\":\"BreadcrumbList\",\"@id\":\"https:\/\/condescending-bartik.91-134-70-247.plesk.page\/index.php\/aviso-legal\/#breadcrumb\",\"itemListElement\":[{\"@type\":\"ListItem\",\"position\":1,\"name\":\"Portada\",\"item\":\"https:\/\/condescending-bartik.91-134-70-247.plesk.page\/\"},{\"@type\":\"ListItem\",\"position\":2,\"name\":\"Aviso legal\"}]},{\"@type\":\"WebSite\",\"@id\":\"https:\/\/condescending-bartik.91-134-70-247.plesk.page\/#website\",\"url\":\"https:\/\/condescending-bartik.91-134-70-247.plesk.page\/\",\"name\":\"RSB tax&amp;legal\",\"description\":\"\",\"publisher\":{\"@id\":\"https:\/\/condescending-bartik.91-134-70-247.plesk.page\/#organization\"},\"potentialAction\":[{\"@type\":\"SearchAction\",\"target\":{\"@type\":\"EntryPoint\",\"urlTemplate\":\"https:\/\/condescending-bartik.91-134-70-247.plesk.page\/?s={search_term_string}\"},\"query-input\":{\"@type\":\"PropertyValueSpecification\",\"valueRequired\":true,\"valueName\":\"search_term_string\"}}],\"inLanguage\":\"es\"},{\"@type\":\"Organization\",\"@id\":\"https:\/\/condescending-bartik.91-134-70-247.plesk.page\/#organization\",\"name\":\"RSB tax&amp;legal\",\"url\":\"https:\/\/condescending-bartik.91-134-70-247.plesk.page\/\",\"logo\":{\"@type\":\"ImageObject\",\"inLanguage\":\"es\",\"@id\":\"https:\/\/condescending-bartik.91-134-70-247.plesk.page\/#\/schema\/logo\/image\/\",\"url\":\"https:\/\/condescending-bartik.91-134-70-247.plesk.page\/wp-content\/uploads\/2025\/11\/logo_rsb.png\",\"contentUrl\":\"https:\/\/condescending-bartik.91-134-70-247.plesk.page\/wp-content\/uploads\/2025\/11\/logo_rsb.png\",\"width\":149,\"height\":97,\"caption\":\"RSB tax&amp;legal\"},\"image\":{\"@id\":\"https:\/\/condescending-bartik.91-134-70-247.plesk.page\/#\/schema\/logo\/image\/\"}}]}<\/script>\n<!-- \/ Yoast SEO plugin. -->","yoast_head_json":{"title":"Aviso legal - RSB tax&amp;legal","robots":{"index":"noindex","follow":"follow","max-snippet":"max-snippet:-1","max-image-preview":"max-image-preview:large","max-video-preview":"max-video-preview:-1"},"og_locale":"es_ES","og_type":"article","og_title":"Aviso legal - RSB tax&amp;legal","og_description":"TITULAR DEL SITIO WEB DENOMINACI\u00d3N SOCIAL: RSB ADVISORS S.L. CIF: B52525151 DOMICILIO SOCIAL: ADA BYRON 107, PARQUE CIENT\u00cdFICO TECNOL\u00d3GICO, 33203, GIJ\u00d3N, ASTURIAS CONTACTO: Tel\u00e9fono: 984293837 Email: maria.blanco@rsbglobal.es DATOS DE INSCRIPCI\u00d3N EN EL REGISTRO MERCANTIL: Tomo: 4117 Folio: 6 Hoja: 47.594","og_url":"https:\/\/condescending-bartik.91-134-70-247.plesk.page\/index.php\/aviso-legal\/","og_site_name":"RSB tax&amp;legal","article_modified_time":"2025-12-10T12:25:13+00:00","twitter_card":"summary_large_image","twitter_misc":{"Tiempo de lectura":"1 minuto"},"schema":{"@context":"https:\/\/schema.org","@graph":[{"@type":"WebPage","@id":"https:\/\/condescending-bartik.91-134-70-247.plesk.page\/index.php\/aviso-legal\/","url":"https:\/\/condescending-bartik.91-134-70-247.plesk.page\/index.php\/aviso-legal\/","name":"Aviso legal - RSB tax&amp;legal","isPartOf":{"@id":"https:\/\/condescending-bartik.91-134-70-247.plesk.page\/#website"},"datePublished":"2025-11-26T15:03:57+00:00","dateModified":"2025-12-10T12:25:13+00:00","breadcrumb":{"@id":"https:\/\/condescending-bartik.91-134-70-247.plesk.page\/index.php\/aviso-legal\/#breadcrumb"},"inLanguage":"es","potentialAction":[{"@type":"ReadAction","target":["https:\/\/condescending-bartik.91-134-70-247.plesk.page\/index.php\/aviso-legal\/"]}]},{"@type":"BreadcrumbList","@id":"https:\/\/condescending-bartik.91-134-70-247.plesk.page\/index.php\/aviso-legal\/#breadcrumb","itemListElement":[{"@type":"ListItem","position":1,"name":"Portada","item":"https:\/\/condescending-bartik.91-134-70-247.plesk.page\/"},{"@type":"ListItem","position":2,"name":"Aviso legal"}]},{"@type":"WebSite","@id":"https:\/\/condescending-bartik.91-134-70-247.plesk.page\/#website","url":"https:\/\/condescending-bartik.91-134-70-247.plesk.page\/","name":"RSB tax&amp;legal","description":"","publisher":{"@id":"https:\/\/condescending-bartik.91-134-70-247.plesk.page\/#organization"},"potentialAction":[{"@type":"SearchAction","target":{"@type":"EntryPoint","urlTemplate":"https:\/\/condescending-bartik.91-134-70-247.plesk.page\/?s={search_term_string}"},"query-input":{"@type":"PropertyValueSpecification","valueRequired":true,"valueName":"search_term_string"}}],"inLanguage":"es"},{"@type":"Organization","@id":"https:\/\/condescending-bartik.91-134-70-247.plesk.page\/#organization","name":"RSB tax&amp;legal","url":"https:\/\/condescending-bartik.91-134-70-247.plesk.page\/","logo":{"@type":"ImageObject","inLanguage":"es","@id":"https:\/\/condescending-bartik.91-134-70-247.plesk.page\/#\/schema\/logo\/image\/","url":"https:\/\/condescending-bartik.91-134-70-247.plesk.page\/wp-content\/uploads\/2025\/11\/logo_rsb.png","contentUrl":"https:\/\/condescending-bartik.91-134-70-247.plesk.page\/wp-content\/uploads\/2025\/11\/logo_rsb.png","width":149,"height":97,"caption":"RSB tax&amp;legal"},"image":{"@id":"https:\/\/condescending-bartik.91-134-70-247.plesk.page\/#\/schema\/logo\/image\/"}}]}},"_links":{"self":[{"href":"https:\/\/condescending-bartik.91-134-70-247.plesk.page\/index.php\/wp-json\/wp\/v2\/pages\/2137","targetHints":{"allow":["GET"]}}],"collection":[{"href":"https:\/\/condescending-bartik.91-134-70-247.plesk.page\/index.php\/wp-json\/wp\/v2\/pages"}],"about":[{"href":"https:\/\/condescending-bartik.91-134-70-247.plesk.page\/index.php\/wp-json\/wp\/v2\/types\/page"}],"author":[{"embeddable":true,"href":"https:\/\/condescending-bartik.91-134-70-247.plesk.page\/index.php\/wp-json\/wp\/v2\/users\/1"}],"replies":[{"embeddable":true,"href":"https:\/\/condescending-bartik.91-134-70-247.plesk.page\/index.php\/wp-json\/wp\/v2\/comments?post=2137"}],"version-history":[{"count":7,"href":"https:\/\/condescending-bartik.91-134-70-247.plesk.page\/index.php\/wp-json\/wp\/v2\/pages\/2137\/revisions"}],"predecessor-version":[{"id":2145,"href":"https:\/\/condescending-bartik.91-134-70-247.plesk.page\/index.php\/wp-json\/wp\/v2\/pages\/2137\/revisions\/2145"}],"wp:attachment":[{"href":"https:\/\/condescending-bartik.91-134-70-247.plesk.page\/index.php\/wp-json\/wp\/v2\/media?parent=2137"}],"curies":[{"name":"wp","href":"https:\/\/api.w.org\/{rel}","templated":true}]}}