{"id":3,"date":"2025-11-11T15:09:01","date_gmt":"2025-11-11T15:09:01","guid":{"rendered":"https:\/\/condescending-bartik.91-134-70-247.plesk.page\/?page_id=3"},"modified":"2025-12-10T12:25:31","modified_gmt":"2025-12-10T12:25:31","slug":"politica-de-privacidad","status":"publish","type":"page","link":"https:\/\/condescending-bartik.91-134-70-247.plesk.page\/index.php\/politica-de-privacidad\/","title":{"rendered":"Pol\u00edtica de privacidad"},"content":{"rendered":"\t\t<div data-elementor-type=\"wp-page\" data-elementor-id=\"3\" class=\"elementor elementor-3\" data-elementor-post-type=\"page\">\n\t\t\t\t<div class=\"elementor-element elementor-element-619bcf76 e-flex e-con-boxed e-con e-parent\" data-id=\"619bcf76\" data-element_type=\"container\">\n\t\t\t\t\t<div class=\"e-con-inner\">\n\t\t\t\t<div class=\"elementor-element elementor-element-6134ca80 elementor-widget elementor-widget-text-editor\" data-id=\"6134ca80\" data-element_type=\"widget\" data-widget_type=\"text-editor.default\">\n\t\t\t\t\t\t\t\t\t<p>Siguiendo los principios de licitud, lealtad y transparencia, ponemos a su disposici\u00f3n la presente Pol\u00edtica de Privacidad.<\/p>\n<p><strong>\u00bfQui\u00e9n es el Responsable del tratamiento de sus datos?<\/strong><br \/>RSB ADVISORS S.L.<br \/>CIF: B52525151<br \/>DOMICILIO SOCIAL: ADA BYRON 107, PARQUE CIENT\u00cdFICO TECNOL\u00d3GICO, 33203, GIJ\u00d3N, ASTURIAS<br \/>Email:\u00a0<a href=\"mailto:email@email.com\">maria.blanco@rsbglobal.es<\/a><br \/>Tel\u00e9fono: 984293837<\/p>\n<p><strong>\u00bfCon qu\u00e9 finalidad tratamos sus datos personales?<\/strong><br \/>En RSB ADVISORS S.L. tratamos la informaci\u00f3n que nos facilita con la finalidad de gestionar la relaci\u00f3n contractual que nos une, gestionar el env\u00edo de la informaci\u00f3n que nos solicita, facilitar a los interesados ofertas de nuestros servicios y\/o productos de su inter\u00e9s.<\/p>\n<p><strong>\u00bfPor cu\u00e1nto tiempo conservaremos sus datos personales?<\/strong><br \/>Sus datos, ser\u00e1n conservados el tiempo m\u00ednimo necesario para la correcta prestaci\u00f3n del servicio ofrecido as\u00ed como para atender las responsabilidades que se pudieran derivar del mismo y de cualquier otra exigencia legal.<\/p>\n<p><strong>\u00bfCu\u00e1l es la legitimaci\u00f3n para el tratamiento de sus datos?<\/strong><br \/>La base legal para el tratamiento de sus datos personales puede ser la ejecuci\u00f3n de una relaci\u00f3n contractual potencial y\/o suscrita, el inter\u00e9s leg\u00edtimo, la habilitaci\u00f3n legal y\/o el consentimiento del propio interesado. Los datos que le solicitamos son adecuados, pertinentes y estrictamente necesarios y en ning\u00fan caso est\u00e1 obligado a facilit\u00e1rnoslos, pero su no comunicaci\u00f3n podr\u00e1 afectar a la finalidad del servicio o la imposibilidad de prestarlo.<\/p>\n<p><strong>\u00bfA qu\u00e9 destinatarios se comunicar\u00e1n sus datos?<\/strong><br \/>RSB ADVISORS S.L. no comunicar\u00e1 sus datos a ning\u00fan tercero, salvo que se informe de ello expresamente.<\/p>\n<p><strong>\u00bfCu\u00e1les son sus derechos cuando nos facilita sus datos?<\/strong><br \/>Los derechos de protecci\u00f3n de datos de los que son titulares los interesados son:<br \/><strong>\u00b7<\/strong>\u00a0Derecho a solicitar el acceso a los datos personales relativos al interesado<br \/><strong>\u00b7<\/strong>\u00a0Derecho de rectificaci\u00f3n o supresi\u00f3n<br \/><strong>\u00b7<\/strong>\u00a0Derecho de oposici\u00f3n<br \/><strong>\u00b7<\/strong>\u00a0Derecho a solicitar la limitaci\u00f3n de su tratamiento<br \/><strong>\u00b7<\/strong>\u00a0Derecho a la portabilidad de los datos<\/p>\n<p>Los titulares de los datos personales obtenidos, podr\u00e1n ejercer sus derechos de protecci\u00f3n de datos personales dirigiendo una comunicaci\u00f3n por escrito al domicilio social de RSB ADVISORS S.L. o al correo electr\u00f3nico habilitado a tal efecto,\u00a0<a href=\"mailto:email@email.com\">maria.blanco@rsbglobal.es<\/a>, incluyendo en ambos casos fotocopia de su DNI u otro documento de identificaci\u00f3n equivalente.<br \/>Modelos, formularios y m\u00e1s informaci\u00f3n disponible sobre sus derechos en la p\u00e1gina web de la autoridad de control nacional, Agencia Espa\u00f1ola de Protecci\u00f3n de Datos, en adelante, AEPD,\u00a0<a href=\"http:\/\/www.agpd.es\/\">www.aepd.es<\/a><\/p>\n<p><strong>\u00bfPuedo retirar el consentimiento?<\/strong><br \/>Usted tiene la posibilidad y el derecho a retirar el consentimiento para cualquiera finalidad espec\u00edfica otorgada en su momento, sin que ello afecte a la licitud del tratamiento basado en el consentimiento previo a su retirada.<\/p>\n<p><strong>\u00bfD\u00f3nde puedo reclamar en caso de que considere que no se tratan mis datos correctamente?<\/strong><br \/>Si alg\u00fan interesado considera que sus datos no son tratados correctamente por RSB ADVISORS S.L. puede dirigir sus reclamaciones al correo\u00a0<a href=\"mailto:email@email.com\">maria.blanco@rsbglobal.es<\/a>\u00a0o a la autoridad de protecci\u00f3n de datos que corresponda, siendo la AEPD la indicada en el territorio nacional,\u00a0<a href=\"http:\/\/www.agpd.es\/\">www.aepd.es<\/a><\/p>\n<p><strong>Seguridad y actualizaci\u00f3n de sus datos personales<\/strong><br \/>Con el objetivo de salvaguardar la seguridad de sus datos personales, le informamos que RSB ADVISORS S.L. ha adoptado todas las medidas de \u00edndole t\u00e9cnica y organizativa necesarias para garantizar la seguridad de los datos personales suministrados. Todo ello para evitar su alteraci\u00f3n, p\u00e9rdida, y\/o tratamientos o accesos no autorizados, tal como exige la normativa, si bien la seguridad absoluta no existe.<br \/>Es importante que, para que podamos mantener sus datos personales actualizados, nos informe siempre que se produzca una modificaci\u00f3n de los mismos.<\/p>\n<p><strong>Confidencialidad<\/strong><br \/>RSB ADVISORS S.L. le informa que sus datos ser\u00e1n tratados con el m\u00e1ximo celo y confidencialidad por todo el personal que intervenga en cualquiera de las fases del tratamiento. No cederemos ni comunicaremos a ning\u00fan tercero sus datos, excepto en los casos legalmente previstos, o salvo que el interesado nos hubiera autorizado expresamente.<\/p>\n<!-- \/wp:paragraph -->\n<p>\u00a0<\/p>\t\t\t\t\t\t\t\t<\/div>\n\t\t\t\t\t<\/div>\n\t\t\t\t<\/div>\n\t\t\t\t<\/div>\n\t\t","protected":false},"excerpt":{"rendered":"<p>Siguiendo los principios de licitud, lealtad y transparencia, ponemos a su disposici\u00f3n la presente Pol\u00edtica de Privacidad. \u00bfQui\u00e9n es el Responsable del tratamiento de sus datos?RSB ADVISORS S.L.CIF: B52525151DOMICILIO SOCIAL: ADA BYRON 107, PARQUE CIENT\u00cdFICO TECNOL\u00d3GICO, 33203, GIJ\u00d3N, ASTURIASEmail:\u00a0maria.blanco@rsbglobal.esTel\u00e9fono: 984293837 \u00bfCon qu\u00e9 finalidad tratamos sus datos personales?En RSB ADVISORS S.L. tratamos la informaci\u00f3n que nos [&hellip;]<\/p>\n","protected":false},"author":1,"featured_media":0,"parent":0,"menu_order":7,"comment_status":"closed","ping_status":"closed","template":"","meta":{"footnotes":""},"class_list":["post-3","page","type-page","status-publish","hentry"],"yoast_head":"<!-- This site is optimized with the Yoast SEO plugin v26.3 - https:\/\/yoast.com\/wordpress\/plugins\/seo\/ -->\n<title>Pol\u00edtica de privacidad - RSB tax&amp;legal<\/title>\n<meta name=\"robots\" content=\"noindex, follow, max-snippet:-1, max-image-preview:large, max-video-preview:-1\" \/>\n<meta property=\"og:locale\" content=\"es_ES\" \/>\n<meta property=\"og:type\" content=\"article\" \/>\n<meta property=\"og:title\" content=\"Pol\u00edtica de privacidad - RSB tax&amp;legal\" \/>\n<meta property=\"og:description\" content=\"Siguiendo los principios de licitud, lealtad y transparencia, ponemos a su disposici\u00f3n la presente Pol\u00edtica de Privacidad. \u00bfQui\u00e9n es el Responsable del tratamiento de sus datos?RSB ADVISORS S.L.CIF: B52525151DOMICILIO SOCIAL: ADA BYRON 107, PARQUE CIENT\u00cdFICO TECNOL\u00d3GICO, 33203, GIJ\u00d3N, ASTURIASEmail:\u00a0maria.blanco@rsbglobal.esTel\u00e9fono: 984293837 \u00bfCon qu\u00e9 finalidad tratamos sus datos personales?En RSB ADVISORS S.L. tratamos la informaci\u00f3n que nos [&hellip;]\" \/>\n<meta property=\"og:url\" content=\"https:\/\/condescending-bartik.91-134-70-247.plesk.page\/index.php\/politica-de-privacidad\/\" \/>\n<meta property=\"og:site_name\" content=\"RSB tax&amp;legal\" \/>\n<meta property=\"article:modified_time\" content=\"2025-12-10T12:25:31+00:00\" \/>\n<meta name=\"twitter:card\" content=\"summary_large_image\" \/>\n<meta name=\"twitter:label1\" content=\"Tiempo de lectura\" \/>\n\t<meta name=\"twitter:data1\" content=\"3 minutos\" \/>\n<script type=\"application\/ld+json\" class=\"yoast-schema-graph\">{\"@context\":\"https:\/\/schema.org\",\"@graph\":[{\"@type\":\"WebPage\",\"@id\":\"https:\/\/condescending-bartik.91-134-70-247.plesk.page\/index.php\/politica-de-privacidad\/\",\"url\":\"https:\/\/condescending-bartik.91-134-70-247.plesk.page\/index.php\/politica-de-privacidad\/\",\"name\":\"Pol\u00edtica de privacidad - RSB tax&amp;legal\",\"isPartOf\":{\"@id\":\"https:\/\/condescending-bartik.91-134-70-247.plesk.page\/#website\"},\"datePublished\":\"2025-11-11T15:09:01+00:00\",\"dateModified\":\"2025-12-10T12:25:31+00:00\",\"breadcrumb\":{\"@id\":\"https:\/\/condescending-bartik.91-134-70-247.plesk.page\/index.php\/politica-de-privacidad\/#breadcrumb\"},\"inLanguage\":\"es\",\"potentialAction\":[{\"@type\":\"ReadAction\",\"target\":[\"https:\/\/condescending-bartik.91-134-70-247.plesk.page\/index.php\/politica-de-privacidad\/\"]}]},{\"@type\":\"BreadcrumbList\",\"@id\":\"https:\/\/condescending-bartik.91-134-70-247.plesk.page\/index.php\/politica-de-privacidad\/#breadcrumb\",\"itemListElement\":[{\"@type\":\"ListItem\",\"position\":1,\"name\":\"Portada\",\"item\":\"https:\/\/condescending-bartik.91-134-70-247.plesk.page\/\"},{\"@type\":\"ListItem\",\"position\":2,\"name\":\"Pol\u00edtica de privacidad\"}]},{\"@type\":\"WebSite\",\"@id\":\"https:\/\/condescending-bartik.91-134-70-247.plesk.page\/#website\",\"url\":\"https:\/\/condescending-bartik.91-134-70-247.plesk.page\/\",\"name\":\"RSB tax&amp;legal\",\"description\":\"\",\"publisher\":{\"@id\":\"https:\/\/condescending-bartik.91-134-70-247.plesk.page\/#organization\"},\"potentialAction\":[{\"@type\":\"SearchAction\",\"target\":{\"@type\":\"EntryPoint\",\"urlTemplate\":\"https:\/\/condescending-bartik.91-134-70-247.plesk.page\/?s={search_term_string}\"},\"query-input\":{\"@type\":\"PropertyValueSpecification\",\"valueRequired\":true,\"valueName\":\"search_term_string\"}}],\"inLanguage\":\"es\"},{\"@type\":\"Organization\",\"@id\":\"https:\/\/condescending-bartik.91-134-70-247.plesk.page\/#organization\",\"name\":\"RSB tax&amp;legal\",\"url\":\"https:\/\/condescending-bartik.91-134-70-247.plesk.page\/\",\"logo\":{\"@type\":\"ImageObject\",\"inLanguage\":\"es\",\"@id\":\"https:\/\/condescending-bartik.91-134-70-247.plesk.page\/#\/schema\/logo\/image\/\",\"url\":\"https:\/\/condescending-bartik.91-134-70-247.plesk.page\/wp-content\/uploads\/2025\/11\/logo_rsb.png\",\"contentUrl\":\"https:\/\/condescending-bartik.91-134-70-247.plesk.page\/wp-content\/uploads\/2025\/11\/logo_rsb.png\",\"width\":149,\"height\":97,\"caption\":\"RSB tax&amp;legal\"},\"image\":{\"@id\":\"https:\/\/condescending-bartik.91-134-70-247.plesk.page\/#\/schema\/logo\/image\/\"}}]}<\/script>\n<!-- \/ Yoast SEO plugin. -->","yoast_head_json":{"title":"Pol\u00edtica de privacidad - RSB tax&amp;legal","robots":{"index":"noindex","follow":"follow","max-snippet":"max-snippet:-1","max-image-preview":"max-image-preview:large","max-video-preview":"max-video-preview:-1"},"og_locale":"es_ES","og_type":"article","og_title":"Pol\u00edtica de privacidad - RSB tax&amp;legal","og_description":"Siguiendo los principios de licitud, lealtad y transparencia, ponemos a su disposici\u00f3n la presente Pol\u00edtica de Privacidad. \u00bfQui\u00e9n es el Responsable del tratamiento de sus datos?RSB ADVISORS S.L.CIF: B52525151DOMICILIO SOCIAL: ADA BYRON 107, PARQUE CIENT\u00cdFICO TECNOL\u00d3GICO, 33203, GIJ\u00d3N, ASTURIASEmail:\u00a0maria.blanco@rsbglobal.esTel\u00e9fono: 984293837 \u00bfCon qu\u00e9 finalidad tratamos sus datos personales?En RSB ADVISORS S.L. tratamos la informaci\u00f3n que nos [&hellip;]","og_url":"https:\/\/condescending-bartik.91-134-70-247.plesk.page\/index.php\/politica-de-privacidad\/","og_site_name":"RSB tax&amp;legal","article_modified_time":"2025-12-10T12:25:31+00:00","twitter_card":"summary_large_image","twitter_misc":{"Tiempo de lectura":"3 minutos"},"schema":{"@context":"https:\/\/schema.org","@graph":[{"@type":"WebPage","@id":"https:\/\/condescending-bartik.91-134-70-247.plesk.page\/index.php\/politica-de-privacidad\/","url":"https:\/\/condescending-bartik.91-134-70-247.plesk.page\/index.php\/politica-de-privacidad\/","name":"Pol\u00edtica de privacidad - RSB tax&amp;legal","isPartOf":{"@id":"https:\/\/condescending-bartik.91-134-70-247.plesk.page\/#website"},"datePublished":"2025-11-11T15:09:01+00:00","dateModified":"2025-12-10T12:25:31+00:00","breadcrumb":{"@id":"https:\/\/condescending-bartik.91-134-70-247.plesk.page\/index.php\/politica-de-privacidad\/#breadcrumb"},"inLanguage":"es","potentialAction":[{"@type":"ReadAction","target":["https:\/\/condescending-bartik.91-134-70-247.plesk.page\/index.php\/politica-de-privacidad\/"]}]},{"@type":"BreadcrumbList","@id":"https:\/\/condescending-bartik.91-134-70-247.plesk.page\/index.php\/politica-de-privacidad\/#breadcrumb","itemListElement":[{"@type":"ListItem","position":1,"name":"Portada","item":"https:\/\/condescending-bartik.91-134-70-247.plesk.page\/"},{"@type":"ListItem","position":2,"name":"Pol\u00edtica de privacidad"}]},{"@type":"WebSite","@id":"https:\/\/condescending-bartik.91-134-70-247.plesk.page\/#website","url":"https:\/\/condescending-bartik.91-134-70-247.plesk.page\/","name":"RSB tax&amp;legal","description":"","publisher":{"@id":"https:\/\/condescending-bartik.91-134-70-247.plesk.page\/#organization"},"potentialAction":[{"@type":"SearchAction","target":{"@type":"EntryPoint","urlTemplate":"https:\/\/condescending-bartik.91-134-70-247.plesk.page\/?s={search_term_string}"},"query-input":{"@type":"PropertyValueSpecification","valueRequired":true,"valueName":"search_term_string"}}],"inLanguage":"es"},{"@type":"Organization","@id":"https:\/\/condescending-bartik.91-134-70-247.plesk.page\/#organization","name":"RSB tax&amp;legal","url":"https:\/\/condescending-bartik.91-134-70-247.plesk.page\/","logo":{"@type":"ImageObject","inLanguage":"es","@id":"https:\/\/condescending-bartik.91-134-70-247.plesk.page\/#\/schema\/logo\/image\/","url":"https:\/\/condescending-bartik.91-134-70-247.plesk.page\/wp-content\/uploads\/2025\/11\/logo_rsb.png","contentUrl":"https:\/\/condescending-bartik.91-134-70-247.plesk.page\/wp-content\/uploads\/2025\/11\/logo_rsb.png","width":149,"height":97,"caption":"RSB tax&amp;legal"},"image":{"@id":"https:\/\/condescending-bartik.91-134-70-247.plesk.page\/#\/schema\/logo\/image\/"}}]}},"_links":{"self":[{"href":"https:\/\/condescending-bartik.91-134-70-247.plesk.page\/index.php\/wp-json\/wp\/v2\/pages\/3","targetHints":{"allow":["GET"]}}],"collection":[{"href":"https:\/\/condescending-bartik.91-134-70-247.plesk.page\/index.php\/wp-json\/wp\/v2\/pages"}],"about":[{"href":"https:\/\/condescending-bartik.91-134-70-247.plesk.page\/index.php\/wp-json\/wp\/v2\/types\/page"}],"author":[{"embeddable":true,"href":"https:\/\/condescending-bartik.91-134-70-247.plesk.page\/index.php\/wp-json\/wp\/v2\/users\/1"}],"replies":[{"embeddable":true,"href":"https:\/\/condescending-bartik.91-134-70-247.plesk.page\/index.php\/wp-json\/wp\/v2\/comments?post=3"}],"version-history":[{"count":17,"href":"https:\/\/condescending-bartik.91-134-70-247.plesk.page\/index.php\/wp-json\/wp\/v2\/pages\/3\/revisions"}],"predecessor-version":[{"id":2136,"href":"https:\/\/condescending-bartik.91-134-70-247.plesk.page\/index.php\/wp-json\/wp\/v2\/pages\/3\/revisions\/2136"}],"wp:attachment":[{"href":"https:\/\/condescending-bartik.91-134-70-247.plesk.page\/index.php\/wp-json\/wp\/v2\/media?parent=3"}],"curies":[{"name":"wp","href":"https:\/\/api.w.org\/{rel}","templated":true}]}}