{"id":455,"date":"2020-09-04T09:27:58","date_gmt":"2020-09-04T09:27:58","guid":{"rendered":"http:\/\/wpdemo.archiwp.com\/maxbizz\/?page_id=455"},"modified":"2025-12-30T15:12:27","modified_gmt":"2025-12-30T15:12:27","slug":"contacto","status":"publish","type":"page","link":"https:\/\/condescending-bartik.91-134-70-247.plesk.page\/index.php\/contacto\/","title":{"rendered":"Contacto"},"content":{"rendered":"\t\t<div data-elementor-type=\"wp-page\" data-elementor-id=\"455\" class=\"elementor elementor-455\" data-elementor-post-type=\"page\">\n\t\t\t\t\t\t<section class=\"elementor-section elementor-top-section elementor-element elementor-element-86d48d0 elementor-section-boxed elementor-section-height-default elementor-section-height-default\" data-id=\"86d48d0\" data-element_type=\"section\">\n\t\t\t\t\t\t<div class=\"elementor-container elementor-column-gap-extended\">\n\t\t\t\t\t<div class=\"elementor-column elementor-col-33 elementor-top-column elementor-element elementor-element-1feabce ot-flex-column-vertical\" data-id=\"1feabce\" data-element_type=\"column\">\n\t\t\t<div class=\"elementor-widget-wrap elementor-element-populated\">\n\t\t\t\t\t\t<div class=\"elementor-element elementor-element-030e332 elementor-widget elementor-widget-iheading\" data-id=\"030e332\" data-element_type=\"widget\" data-widget_type=\"iheading.default\">\n\t\t\t\t<div class=\"elementor-widget-container\">\n\t\t\t\t\t\t\t<div class=\"ot-heading\">\r\n\t        <span class=\"is_highlight\">Detalles de contacto<\/span>\t        <h2 class=\"main-head\">Contacto con nosotros<\/h2>\t    <\/div>\r\n\t    \t\t\t\t<\/div>\n\t\t\t\t<\/div>\n\t\t\t\t<div class=\"elementor-element elementor-element-588e854 elementor-widget elementor-widget-text-editor\" data-id=\"588e854\" data-element_type=\"widget\" data-widget_type=\"text-editor.default\">\n\t\t\t\t\t\t\t\t\t<p>Contacta con nuestro equipo y cu\u00e9ntanos qu\u00e9 necesitas, estaremos encantados de atenderte.<\/p>\t\t\t\t\t\t\t\t<\/div>\n\t\t\t\t\t<\/div>\n\t\t<\/div>\n\t\t\t\t<div class=\"elementor-column elementor-col-66 elementor-top-column elementor-element elementor-element-89ca7e2 ot-flex-column-vertical\" data-id=\"89ca7e2\" data-element_type=\"column\">\n\t\t\t<div class=\"elementor-widget-wrap elementor-element-populated\">\n\t\t\t\t\t\t<div class=\"elementor-element elementor-element-130afd7 box-s1 icon-left elementor-invisible elementor-widget elementor-widget-iiconbox2\" data-id=\"130afd7\" data-element_type=\"widget\" data-settings=\"{&quot;_animation&quot;:&quot;fadeInUp&quot;}\" data-widget_type=\"iiconbox2.default\">\n\t\t\t\t<div class=\"elementor-widget-container\">\n\t\t\t\t\t\t\t<div class=\"icon-box icon-box-2\">\r\n\t\t\t<div class=\"icon-main\">\r\n\t\t        <svg xmlns=\"http:\/\/www.w3.org\/2000\/svg\" xmlns:xlink=\"http:\/\/www.w3.org\/1999\/xlink\" x=\"0px\" y=\"0px\" viewBox=\"0 0 512 512\" style=\"enable-background:new 0 0 512 512;\" xml:space=\"preserve\"><g>\t<g>\t\t<path d=\"M256,0C150.125,0,64,86.135,64,192c0,141.646,177.146,310,184.688,317.104C250.75,511.031,253.375,512,256,512   s5.25-0.969,7.313-2.896C270.854,502,448,333.646,448,192C448,86.135,361.875,0,256,0z M256,298.667   c-58.813,0-106.667-47.854-106.667-106.667S197.188,85.333,256,85.333S362.667,133.188,362.667,192S314.813,298.667,256,298.667z\"><\/path>\t<\/g><\/g><\/svg>\t        <\/div>\r\n\t        <div class=\"content-box\">\r\n\t\t\t\t<h6 class=\"title-box\">Vis\u00edtanos<\/h6>\t\t\t\t<p>C\/ Ada Byron, 107\n33203 Gij\u00f3n \u2013 Asturias (Espa\u00f1a)<\/p>\t\t\t<\/div>\r\n\t    <\/div>\r\n\t    \t\t\t\t<\/div>\n\t\t\t\t<\/div>\n\t\t\t\t<div class=\"elementor-element elementor-element-8ab1650 box-s1 icon-left elementor-invisible elementor-widget elementor-widget-iiconbox2\" data-id=\"8ab1650\" data-element_type=\"widget\" data-settings=\"{&quot;_animation&quot;:&quot;fadeInUp&quot;}\" data-widget_type=\"iiconbox2.default\">\n\t\t\t\t<div class=\"elementor-widget-container\">\n\t\t\t\t\t\t\t<div class=\"icon-box icon-box-2\">\r\n\t\t\t<div class=\"icon-main\">\r\n\t\t        <svg xmlns=\"http:\/\/www.w3.org\/2000\/svg\" xmlns:xlink=\"http:\/\/www.w3.org\/1999\/xlink\" x=\"0px\" y=\"0px\" viewBox=\"0 0 384 384\" style=\"enable-background:new 0 0 384 384;\" xml:space=\"preserve\"><g>\t<g>\t\t<path d=\"M353.188,252.052c-23.51,0-46.594-3.677-68.469-10.906c-10.719-3.656-23.896-0.302-30.438,6.417l-43.177,32.594   c-50.073-26.729-80.917-57.563-107.281-107.26l31.635-42.052c8.219-8.208,11.167-20.198,7.635-31.448   c-7.26-21.99-10.948-45.063-10.948-68.583C132.146,13.823,118.323,0,101.333,0H30.813C13.823,0,0,13.823,0,30.813   C0,225.563,158.438,384,353.188,384c16.99,0,30.813-13.823,30.813-30.813v-70.323C384,265.875,370.177,252.052,353.188,252.052z\"><\/path>\t<\/g><\/g><\/svg>\t        <\/div>\r\n\t        <div class=\"content-box\">\r\n\t\t\t\t<h6 class=\"title-box\"><a href=\"tel:+34984 293 837\">Ll\u00e1manos<\/a><\/h6>\t\t\t\t<p>(+34) 984 293 837<\/p>\t\t\t<\/div>\r\n\t    <\/div>\r\n\t    \t\t\t\t<\/div>\n\t\t\t\t<\/div>\n\t\t\t\t<div class=\"elementor-element elementor-element-f3cf3dd box-s1 icon-left elementor-invisible elementor-widget elementor-widget-iiconbox2\" data-id=\"f3cf3dd\" data-element_type=\"widget\" data-settings=\"{&quot;_animation&quot;:&quot;fadeInUp&quot;}\" data-widget_type=\"iiconbox2.default\">\n\t\t\t\t<div class=\"elementor-widget-container\">\n\t\t\t\t\t\t\t<div class=\"icon-box icon-box-2\">\r\n\t\t\t<div class=\"icon-main\">\r\n\t\t        <svg xmlns=\"http:\/\/www.w3.org\/2000\/svg\" viewBox=\"0 0 24 24\"><path d=\"m8.75 17.612v4.638c0 .324.208.611.516.713.077.025.156.037.234.037.234 0 .46-.11.604-.306l2.713-3.692z\"><\/path><path d=\"m23.685.139c-.23-.163-.532-.185-.782-.054l-22.5 11.75c-.266.139-.423.423-.401.722.023.3.222.556.505.653l6.255 2.138 13.321-11.39-10.308 12.419 10.483 3.583c.078.026.16.04.242.04.136 0 .271-.037.39-.109.19-.116.319-.311.352-.53l2.75-18.5c.041-.28-.077-.558-.307-.722z\"><\/path><\/svg>\t        <\/div>\r\n\t        <div class=\"content-box\">\r\n\t\t\t\t<h6 class=\"title-box\"><a href=\"mailto: rsb@rsbglobal.es\">Escr\u00edbenos<\/a><\/h6>\t\t\t\t<p>rsb@rsbglobal.es<\/p>\t\t\t<\/div>\r\n\t    <\/div>\r\n\t    \t\t\t\t<\/div>\n\t\t\t\t<\/div>\n\t\t\t\t\t<\/div>\n\t\t<\/div>\n\t\t\t\t\t<\/div>\n\t\t<\/section>\n\t\t\t\t<section class=\"elementor-section elementor-top-section elementor-element elementor-element-a5be57a elementor-section-content-middle elementor-section-boxed elementor-section-height-default elementor-section-height-default\" data-id=\"a5be57a\" data-element_type=\"section\" data-settings=\"{&quot;background_background&quot;:&quot;classic&quot;}\">\n\t\t\t\t\t\t\t<div class=\"elementor-background-overlay\"><\/div>\n\t\t\t\t\t\t\t<div class=\"elementor-container elementor-column-gap-extended\">\n\t\t\t\t\t<div class=\"elementor-column elementor-col-100 elementor-top-column elementor-element elementor-element-574fa46 ot-flex-column-vertical\" data-id=\"574fa46\" data-element_type=\"column\">\n\t\t\t<div class=\"elementor-widget-wrap elementor-element-populated\">\n\t\t\t\t\t\t<div class=\"elementor-element elementor-element-8a4e41e elementor-widget elementor-widget-heading\" data-id=\"8a4e41e\" data-element_type=\"widget\" data-widget_type=\"heading.default\">\n\t\t\t\t\t<h3 class=\"elementor-heading-title elementor-size-default\">Formulario de contacto<\/h3>\t\t\t\t<\/div>\n\t\t\t\t<div class=\"elementor-element elementor-element-65c54ec elementor-widget elementor-widget-shortcode\" data-id=\"65c54ec\" data-element_type=\"widget\" data-widget_type=\"shortcode.default\">\n\t\t\t\t\t\t\t<div class=\"elementor-shortcode\"><style id=\"wpforms-css-vars-2053\">\n\t\t\t\t#wpforms-2053 {\n\t\t\t\t--wpforms-field-size-input-height: 43px;\n--wpforms-field-size-input-spacing: 15px;\n--wpforms-field-size-font-size: 16px;\n--wpforms-field-size-line-height: 19px;\n--wpforms-field-size-padding-h: 14px;\n--wpforms-field-size-checkbox-size: 16px;\n--wpforms-field-size-sublabel-spacing: 5px;\n--wpforms-field-size-icon-size: 1;\n--wpforms-label-size-font-size: 16px;\n--wpforms-label-size-line-height: 19px;\n--wpforms-label-size-sublabel-font-size: 14px;\n--wpforms-label-size-sublabel-line-height: 17px;\n--wpforms-button-size-font-size: 17px;\n--wpforms-button-size-height: 41px;\n--wpforms-button-size-padding-h: 15px;\n--wpforms-button-size-margin-top: 10px;\n--wpforms-container-shadow-size-box-shadow: none;\n\t\t\t}\n\t\t\t<\/style><div class=\"wpforms-container wpforms-container-full wpforms-render-modern\" id=\"wpforms-2053\"><form id=\"wpforms-form-2053\" class=\"wpforms-validate wpforms-form wpforms-ajax-form\" data-formid=\"2053\" method=\"post\" enctype=\"multipart\/form-data\" action=\"\/index.php\/wp-json\/wp\/v2\/pages\/455\" data-token=\"9496d1b6a9f3f15371ccb8ce7ebbe648\" data-token-time=\"1778433336\"><noscript class=\"wpforms-error-noscript\">Por favor, activa JavaScript en tu navegador para completar este formulario.<\/noscript><div id=\"wpforms-error-noscript\" style=\"display: none;\">Por favor, activa JavaScript en tu navegador para completar este formulario.<\/div><div class=\"wpforms-field-container\"><div id=\"wpforms-2053-field_2-container\" class=\"wpforms-field wpforms-field-name\" data-field-id=\"2\"><label class=\"wpforms-field-label\" for=\"wpforms-2053-field_2\">Nombre <span class=\"wpforms-required-label\" aria-hidden=\"true\">*<\/span><\/label><input type=\"text\" id=\"wpforms-2053-field_2\" class=\"wpforms-field-large wpforms-field-required\" name=\"wpforms[fields][2]\" aria-errormessage=\"wpforms-2053-field_2-error\" required><\/div><div id=\"wpforms-2053-field_8-container\" class=\"wpforms-field wpforms-field-layout\" data-field-id=\"8\"><div class=\"wpforms-field-layout-rows wpforms-field-large\"><div class=\"wpforms-layout-row\"><div class=\"wpforms-layout-column wpforms-layout-column-50\"><div id=\"wpforms-2053-field_5-container\" class=\"wpforms-field wpforms-field-email\" data-field-id=\"5\"><label class=\"wpforms-field-label\" for=\"wpforms-2053-field_5\">Email <span class=\"wpforms-required-label\" aria-hidden=\"true\">*<\/span><\/label><input type=\"email\" id=\"wpforms-2053-field_5\" class=\"wpforms-field-large wpforms-field-required\" name=\"wpforms[fields][5]\" spellcheck=\"false\" aria-errormessage=\"wpforms-2053-field_5-error\" required><\/div><\/div><div class=\"wpforms-layout-column wpforms-layout-column-50\"><div id=\"wpforms-2053-field_6-container\" class=\"wpforms-field wpforms-field-phone\" data-field-id=\"6\"><label class=\"wpforms-field-label\" for=\"wpforms-2053-field_6\">Tel\u00e9fono <span class=\"wpforms-required-label\" aria-hidden=\"true\">*<\/span><\/label><input type=\"tel\" id=\"wpforms-2053-field_6\" class=\"wpforms-field-large wpforms-field-required wpforms-smart-phone-field\" data-rule-smart-phone-field=\"true\" name=\"wpforms[fields][6]\" aria-label=\"Tel\u00e9fono\" aria-errormessage=\"wpforms-2053-field_6-error\" required><\/div><\/div><\/div><\/div><\/div><div id=\"wpforms-2053-field_1-container\" class=\"wpforms-field wpforms-field-text\" data-field-id=\"1\"><label class=\"wpforms-field-label\" for=\"wpforms-2053-field_1\">Asunto <span class=\"wpforms-required-label\" aria-hidden=\"true\">*<\/span><\/label><input type=\"text\" id=\"wpforms-2053-field_1\" class=\"wpforms-field-large wpforms-field-required\" name=\"wpforms[fields][1]\" aria-errormessage=\"wpforms-2053-field_1-error\" required><\/div><div id=\"wpforms-2053-field_3-container\" class=\"wpforms-field wpforms-field-textarea\" data-field-id=\"3\"><label class=\"wpforms-field-label\" for=\"wpforms-2053-field_3\">Comentarios <span class=\"wpforms-required-label\" aria-hidden=\"true\">*<\/span><\/label><textarea id=\"wpforms-2053-field_3\" class=\"wpforms-field-small wpforms-field-required\" name=\"wpforms[fields][3]\" aria-errormessage=\"wpforms-2053-field_3-error\" required><\/textarea><\/div>\t\t<div id=\"wpforms-2053-field_4-container\"\n\t\t\tclass=\"wpforms-field wpforms-field-text\"\n\t\t\tdata-field-type=\"text\"\n\t\t\tdata-field-id=\"4\"\n\t\t\t>\n\t\t\t<label class=\"wpforms-field-label\" for=\"wpforms-2053-field_4\" >de Comentarios Nombre<\/label>\n\t\t\t<input type=\"text\" id=\"wpforms-2053-field_4\" class=\"wpforms-field-medium\" name=\"wpforms[fields][4]\" >\n\t\t<\/div>\n\t\t<div id=\"wpforms-2053-field_7-container\" class=\"wpforms-field wpforms-field-html\" data-field-id=\"7\"><div id=\"wpforms-2053-field_7\" aria-errormessage=\"wpforms-2053-field_7-error\"><div style=\"font-size:12px;\">\r\n  <strong>INFORMACI\u00d3N B\u00c1SICA SOBRE PROTECCI\u00d3N DE DATOS<\/strong><br \/><br \/>\r\n\r\n  <strong>RESPONSABLE:<\/strong> RSB ADVISORS S.L.<br \/>\r\n  <strong>FINALIDAD PRINCIPAL:<\/strong> Gestionar la informaci\u00f3n que nos solicita.<br \/>\r\n  <strong>LEGITIMACI\u00d3N:<\/strong> Consentimiento del interesado.<br \/>\r\n  <strong>DESTINATARIOS:<\/strong> No se ceder\u00e1n datos a terceros, salvo autorizaci\u00f3n expresa u obligaci\u00f3n legal.<br \/>\r\n  <strong>DERECHOS:<\/strong> Acceder, rectificar y suprimir los datos, portabilidad de los datos, limitaci\u00f3n u oposici\u00f3n a su tratamiento, transparencia y derecho a no ser objeto de decisiones automatizadas.<br \/>\r\n  <strong>INFORMACI\u00d3N ADICIONAL:<\/strong> Puede consultar la informaci\u00f3n adicional y detallada sobre nuestra \r\n  <a href=\"https:\/\/condescending-bartik.91-134-70-247.plesk.page\/politica-de-privacidad\/\" target=\"_blank\" rel=\"noopener noreferrer\">Pol\u00edtica de Privacidad<\/a>.\r\n<\/div><\/div><\/div><div id=\"wpforms-2053-field_9-container\" class=\"wpforms-field wpforms-field-checkbox\" data-field-id=\"9\"><fieldset><legend class=\"wpforms-field-label\">Protecci\u00f3n de datos  <span class=\"wpforms-required-label\" aria-hidden=\"true\">*<\/span><\/legend><ul id=\"wpforms-2053-field_9\" class=\"wpforms-field-required\"><li class=\"choice-1 depth-1\"><input type=\"checkbox\" id=\"wpforms-2053-field_9_1\" name=\"wpforms[fields][9][]\" value=\"He le\u00eddo y acepto la Pol\u00edtica de Privacidad\" aria-errormessage=\"wpforms-2053-field_9_1-error\" required ><label class=\"wpforms-field-label-inline\" for=\"wpforms-2053-field_9_1\">He le\u00eddo y acepto la Pol\u00edtica de Privacidad<\/label><\/li><\/ul><\/fieldset><\/div><script>\n\t\t\t\t( function() {\n\t\t\t\t\tconst style = document.createElement( 'style' );\n\t\t\t\t\tstyle.appendChild( document.createTextNode( '#wpforms-2053-field_4-container { position: absolute !important; overflow: hidden !important; display: inline !important; height: 1px !important; width: 1px !important; z-index: -1000 !important; padding: 0 !important; } #wpforms-2053-field_4-container input { visibility: hidden; } #wpforms-conversational-form-page #wpforms-2053-field_4-container label { counter-increment: none; }' ) );\n\t\t\t\t\tdocument.head.appendChild( style );\n\t\t\t\t\tdocument.currentScript?.remove();\n\t\t\t\t} )();\n\t\t\t<\/script><\/div><!-- .wpforms-field-container --><div class=\"wpforms-submit-container\" ><input type=\"hidden\" name=\"wpforms[id]\" value=\"2053\"><input type=\"hidden\" name=\"page_title\" value=\"\"><input type=\"hidden\" name=\"page_url\" value=\"https:\/\/condescending-bartik.91-134-70-247.plesk.page\/index.php\/wp-json\/wp\/v2\/pages\/455\"><input type=\"hidden\" name=\"url_referer\" value=\"\"><button type=\"submit\" name=\"wpforms[submit]\" id=\"wpforms-submit-2053\" class=\"wpforms-submit\" data-alt-text=\"Enviando...\" data-submit-text=\"Enviar\" aria-live=\"assertive\" value=\"wpforms-submit\">Enviar<\/button><img decoding=\"async\" src=\"https:\/\/condescending-bartik.91-134-70-247.plesk.page\/wp-content\/plugins\/wpforms\/assets\/images\/submit-spin.svg\" class=\"wpforms-submit-spinner\" style=\"display: none;\" width=\"26\" height=\"26\" alt=\"Cargando\"><\/div><\/form><\/div>  <!-- .wpforms-container --><\/div>\n\t\t\t\t\t\t<\/div>\n\t\t\t\t\t<\/div>\n\t\t<\/div>\n\t\t\t\t\t<\/div>\n\t\t<\/section>\n\t\t\t\t<section class=\"elementor-section elementor-top-section elementor-element elementor-element-de4c36a elementor-section-full_width elementor-section-height-default elementor-section-height-default\" data-id=\"de4c36a\" data-element_type=\"section\">\n\t\t\t\t\t\t<div class=\"elementor-container elementor-column-gap-default\">\n\t\t\t\t\t<div class=\"elementor-column elementor-col-100 elementor-top-column elementor-element elementor-element-f31c287 ot-flex-column-vertical\" data-id=\"f31c287\" data-element_type=\"column\">\n\t\t\t<div class=\"elementor-widget-wrap elementor-element-populated\">\n\t\t\t\t\t\t<div class=\"elementor-element elementor-element-3e66202 elementor-widget elementor-widget-google_maps\" data-id=\"3e66202\" data-element_type=\"widget\" data-widget_type=\"google_maps.default\">\n\t\t\t\t\t\t\t<div class=\"elementor-custom-embed\">\n\t\t\t<iframe loading=\"lazy\"\n\t\t\t\t\tsrc=\"https:\/\/maps.google.com\/maps?q=RSB%20Tax%20%26%20Legal%20C.%20Ada%20Byron%2C%20107%2C%20Periurbano%20-%20Rural%2C%2033394%20Gij%C3%B3n%2C%20Asturias&#038;t=m&#038;z=15&#038;output=embed&#038;iwloc=near\"\n\t\t\t\t\ttitle=\"RSB Tax &amp; Legal C. Ada Byron, 107, Periurbano - Rural, 33394 Gij\u00f3n, Asturias\"\n\t\t\t\t\taria-label=\"RSB Tax &amp; Legal C. Ada Byron, 107, Periurbano - Rural, 33394 Gij\u00f3n, Asturias\"\n\t\t\t><\/iframe>\n\t\t<\/div>\n\t\t\t\t\t\t<\/div>\n\t\t\t\t\t<\/div>\n\t\t<\/div>\n\t\t\t\t\t<\/div>\n\t\t<\/section>\n\t\t\t\t<\/div>\n\t\t","protected":false},"excerpt":{"rendered":"<p>Detalles de contacto Contacto con nosotros Contacta con nuestro equipo y cu\u00e9ntanos qu\u00e9 necesitas, estaremos encantados de atenderte. Vis\u00edtanos C\/ Ada Byron, 107 33203 Gij\u00f3n \u2013 Asturias (Espa\u00f1a) Ll\u00e1manos (+34) 984 293 837 Escr\u00edbenos rsb@rsbglobal.es Formulario de contacto<\/p>\n","protected":false},"author":1,"featured_media":0,"parent":0,"menu_order":3,"comment_status":"closed","ping_status":"closed","template":"","meta":{"footnotes":""},"class_list":["post-455","page","type-page","status-publish","hentry"],"yoast_head":"<!-- This site is optimized with the Yoast SEO plugin v26.3 - https:\/\/yoast.com\/wordpress\/plugins\/seo\/ -->\n<title>Contacto - RSB tax&amp;legal<\/title>\n<meta name=\"description\" content=\"Contacta con RSB Tax &amp; Legal para recibir asesor\u00eda fiscal y legal personalizada. Nuestro equipo de expertos est\u00e1 listo para ayudarte.\" \/>\n<meta name=\"robots\" content=\"noindex, follow, max-snippet:-1, max-image-preview:large, max-video-preview:-1\" \/>\n<meta property=\"og:locale\" content=\"es_ES\" \/>\n<meta property=\"og:type\" content=\"article\" \/>\n<meta property=\"og:title\" content=\"Contacto - RSB tax&amp;legal\" \/>\n<meta property=\"og:description\" content=\"Contacta con RSB Tax &amp; Legal para recibir asesor\u00eda fiscal y legal personalizada. Nuestro equipo de expertos est\u00e1 listo para ayudarte.\" \/>\n<meta property=\"og:url\" content=\"https:\/\/condescending-bartik.91-134-70-247.plesk.page\/index.php\/contacto\/\" \/>\n<meta property=\"og:site_name\" content=\"RSB tax&amp;legal\" \/>\n<meta property=\"article:modified_time\" content=\"2025-12-30T15:12:27+00:00\" \/>\n<meta name=\"twitter:card\" content=\"summary_large_image\" \/>\n<meta name=\"twitter:label1\" content=\"Tiempo de lectura\" \/>\n\t<meta name=\"twitter:data1\" content=\"1 minuto\" \/>\n<script type=\"application\/ld+json\" class=\"yoast-schema-graph\">{\"@context\":\"https:\/\/schema.org\",\"@graph\":[{\"@type\":\"WebPage\",\"@id\":\"https:\/\/condescending-bartik.91-134-70-247.plesk.page\/index.php\/contacto\/\",\"url\":\"https:\/\/condescending-bartik.91-134-70-247.plesk.page\/index.php\/contacto\/\",\"name\":\"Contacto - RSB tax&amp;legal\",\"isPartOf\":{\"@id\":\"https:\/\/condescending-bartik.91-134-70-247.plesk.page\/#website\"},\"datePublished\":\"2020-09-04T09:27:58+00:00\",\"dateModified\":\"2025-12-30T15:12:27+00:00\",\"description\":\"Contacta con RSB Tax & Legal para recibir asesor\u00eda fiscal y legal personalizada. Nuestro equipo de expertos est\u00e1 listo para ayudarte.\",\"breadcrumb\":{\"@id\":\"https:\/\/condescending-bartik.91-134-70-247.plesk.page\/index.php\/contacto\/#breadcrumb\"},\"inLanguage\":\"es\",\"potentialAction\":[{\"@type\":\"ReadAction\",\"target\":[\"https:\/\/condescending-bartik.91-134-70-247.plesk.page\/index.php\/contacto\/\"]}]},{\"@type\":\"BreadcrumbList\",\"@id\":\"https:\/\/condescending-bartik.91-134-70-247.plesk.page\/index.php\/contacto\/#breadcrumb\",\"itemListElement\":[{\"@type\":\"ListItem\",\"position\":1,\"name\":\"Portada\",\"item\":\"https:\/\/condescending-bartik.91-134-70-247.plesk.page\/\"},{\"@type\":\"ListItem\",\"position\":2,\"name\":\"Contacto\"}]},{\"@type\":\"WebSite\",\"@id\":\"https:\/\/condescending-bartik.91-134-70-247.plesk.page\/#website\",\"url\":\"https:\/\/condescending-bartik.91-134-70-247.plesk.page\/\",\"name\":\"RSB tax&amp;legal\",\"description\":\"\",\"publisher\":{\"@id\":\"https:\/\/condescending-bartik.91-134-70-247.plesk.page\/#organization\"},\"potentialAction\":[{\"@type\":\"SearchAction\",\"target\":{\"@type\":\"EntryPoint\",\"urlTemplate\":\"https:\/\/condescending-bartik.91-134-70-247.plesk.page\/?s={search_term_string}\"},\"query-input\":{\"@type\":\"PropertyValueSpecification\",\"valueRequired\":true,\"valueName\":\"search_term_string\"}}],\"inLanguage\":\"es\"},{\"@type\":\"Organization\",\"@id\":\"https:\/\/condescending-bartik.91-134-70-247.plesk.page\/#organization\",\"name\":\"RSB tax&amp;legal\",\"url\":\"https:\/\/condescending-bartik.91-134-70-247.plesk.page\/\",\"logo\":{\"@type\":\"ImageObject\",\"inLanguage\":\"es\",\"@id\":\"https:\/\/condescending-bartik.91-134-70-247.plesk.page\/#\/schema\/logo\/image\/\",\"url\":\"https:\/\/condescending-bartik.91-134-70-247.plesk.page\/wp-content\/uploads\/2025\/11\/logo_rsb.png\",\"contentUrl\":\"https:\/\/condescending-bartik.91-134-70-247.plesk.page\/wp-content\/uploads\/2025\/11\/logo_rsb.png\",\"width\":149,\"height\":97,\"caption\":\"RSB tax&amp;legal\"},\"image\":{\"@id\":\"https:\/\/condescending-bartik.91-134-70-247.plesk.page\/#\/schema\/logo\/image\/\"}}]}<\/script>\n<!-- \/ Yoast SEO plugin. -->","yoast_head_json":{"title":"Contacto - RSB tax&amp;legal","description":"Contacta con RSB Tax & Legal para recibir asesor\u00eda fiscal y legal personalizada. Nuestro equipo de expertos est\u00e1 listo para ayudarte.","robots":{"index":"noindex","follow":"follow","max-snippet":"max-snippet:-1","max-image-preview":"max-image-preview:large","max-video-preview":"max-video-preview:-1"},"og_locale":"es_ES","og_type":"article","og_title":"Contacto - RSB tax&amp;legal","og_description":"Contacta con RSB Tax & Legal para recibir asesor\u00eda fiscal y legal personalizada. Nuestro equipo de expertos est\u00e1 listo para ayudarte.","og_url":"https:\/\/condescending-bartik.91-134-70-247.plesk.page\/index.php\/contacto\/","og_site_name":"RSB tax&amp;legal","article_modified_time":"2025-12-30T15:12:27+00:00","twitter_card":"summary_large_image","twitter_misc":{"Tiempo de lectura":"1 minuto"},"schema":{"@context":"https:\/\/schema.org","@graph":[{"@type":"WebPage","@id":"https:\/\/condescending-bartik.91-134-70-247.plesk.page\/index.php\/contacto\/","url":"https:\/\/condescending-bartik.91-134-70-247.plesk.page\/index.php\/contacto\/","name":"Contacto - RSB tax&amp;legal","isPartOf":{"@id":"https:\/\/condescending-bartik.91-134-70-247.plesk.page\/#website"},"datePublished":"2020-09-04T09:27:58+00:00","dateModified":"2025-12-30T15:12:27+00:00","description":"Contacta con RSB Tax & Legal para recibir asesor\u00eda fiscal y legal personalizada. Nuestro equipo de expertos est\u00e1 listo para ayudarte.","breadcrumb":{"@id":"https:\/\/condescending-bartik.91-134-70-247.plesk.page\/index.php\/contacto\/#breadcrumb"},"inLanguage":"es","potentialAction":[{"@type":"ReadAction","target":["https:\/\/condescending-bartik.91-134-70-247.plesk.page\/index.php\/contacto\/"]}]},{"@type":"BreadcrumbList","@id":"https:\/\/condescending-bartik.91-134-70-247.plesk.page\/index.php\/contacto\/#breadcrumb","itemListElement":[{"@type":"ListItem","position":1,"name":"Portada","item":"https:\/\/condescending-bartik.91-134-70-247.plesk.page\/"},{"@type":"ListItem","position":2,"name":"Contacto"}]},{"@type":"WebSite","@id":"https:\/\/condescending-bartik.91-134-70-247.plesk.page\/#website","url":"https:\/\/condescending-bartik.91-134-70-247.plesk.page\/","name":"RSB tax&amp;legal","description":"","publisher":{"@id":"https:\/\/condescending-bartik.91-134-70-247.plesk.page\/#organization"},"potentialAction":[{"@type":"SearchAction","target":{"@type":"EntryPoint","urlTemplate":"https:\/\/condescending-bartik.91-134-70-247.plesk.page\/?s={search_term_string}"},"query-input":{"@type":"PropertyValueSpecification","valueRequired":true,"valueName":"search_term_string"}}],"inLanguage":"es"},{"@type":"Organization","@id":"https:\/\/condescending-bartik.91-134-70-247.plesk.page\/#organization","name":"RSB tax&amp;legal","url":"https:\/\/condescending-bartik.91-134-70-247.plesk.page\/","logo":{"@type":"ImageObject","inLanguage":"es","@id":"https:\/\/condescending-bartik.91-134-70-247.plesk.page\/#\/schema\/logo\/image\/","url":"https:\/\/condescending-bartik.91-134-70-247.plesk.page\/wp-content\/uploads\/2025\/11\/logo_rsb.png","contentUrl":"https:\/\/condescending-bartik.91-134-70-247.plesk.page\/wp-content\/uploads\/2025\/11\/logo_rsb.png","width":149,"height":97,"caption":"RSB tax&amp;legal"},"image":{"@id":"https:\/\/condescending-bartik.91-134-70-247.plesk.page\/#\/schema\/logo\/image\/"}}]}},"_links":{"self":[{"href":"https:\/\/condescending-bartik.91-134-70-247.plesk.page\/index.php\/wp-json\/wp\/v2\/pages\/455","targetHints":{"allow":["GET"]}}],"collection":[{"href":"https:\/\/condescending-bartik.91-134-70-247.plesk.page\/index.php\/wp-json\/wp\/v2\/pages"}],"about":[{"href":"https:\/\/condescending-bartik.91-134-70-247.plesk.page\/index.php\/wp-json\/wp\/v2\/types\/page"}],"author":[{"embeddable":true,"href":"https:\/\/condescending-bartik.91-134-70-247.plesk.page\/index.php\/wp-json\/wp\/v2\/users\/1"}],"replies":[{"embeddable":true,"href":"https:\/\/condescending-bartik.91-134-70-247.plesk.page\/index.php\/wp-json\/wp\/v2\/comments?post=455"}],"version-history":[{"count":49,"href":"https:\/\/condescending-bartik.91-134-70-247.plesk.page\/index.php\/wp-json\/wp\/v2\/pages\/455\/revisions"}],"predecessor-version":[{"id":3209,"href":"https:\/\/condescending-bartik.91-134-70-247.plesk.page\/index.php\/wp-json\/wp\/v2\/pages\/455\/revisions\/3209"}],"wp:attachment":[{"href":"https:\/\/condescending-bartik.91-134-70-247.plesk.page\/index.php\/wp-json\/wp\/v2\/media?parent=455"}],"curies":[{"name":"wp","href":"https:\/\/api.w.org\/{rel}","templated":true}]}}